{"id":465,"date":"2017-08-10T10:28:47","date_gmt":"2017-08-10T10:28:47","guid":{"rendered":"http:\/\/8degreethemes.com\/demo\/the100\/restaurant\/?page_id=465"},"modified":"2018-04-26T12:18:25","modified_gmt":"2018-04-26T10:18:25","slug":"contact-us","status":"publish","type":"page","link":"https:\/\/lenek.no\/?page_id=465","title":{"rendered":"Levering"},"content":{"rendered":"<p>Lene\u00b4s kj\u00f8kken er et selskap som tilbyr sine kunder en kulinarisk matopplevelse hjemme hos seg selv. Vi tilbyr f\u00f8rsteklasses restaurantmat hjem til deg, der kokken anretter maten for deg og dine gjester. Anledningen kan v\u00e6re feiring av dager og jubileum, overraske svigermor med en 5- retters, venner eller arbeidskolleger som vil sitte hjemme og nyte mat i fred og ro. Lene\u00b4s kj\u00f8kken kommer hjem til b\u00e5de privatpersoner og sm\u00e5 firmaer. Lene\u00b4s kj\u00f8kken lover at det blir en helt ny opplevelse \u00e5 invitere gjester hjem, noe som dere helt sikker vil pr\u00f8ve igjen!<\/p>\n<p>Alle menyene leveres med foccacia br\u00f8d. P\u00e5 5- retter og 7-retter menyene er det en hvilerett med limemarinert melon inklusiv i prisen.<\/p>\n<p>Lene\u00b4s kj\u00f8kken hjelper gjerne til med \u00e5 sette sammen en meny, og til \u00e5 skaffe service til \u00e5 legge opp de ulike rettene. Har du et spesielt \u00f8nske om en r\u00e5vare som du ikke finner i menyen, kan vi v\u00e6re behjelpelig med \u00e5 komponere meny spesielt for deg. Trenger du hjelp til anbefalinger av viner som passer til din meny kan vi hjelpe til med dette ogs\u00e5.<\/p>\n<p>Lene`s Kj\u00f8kken kommer hjem til deg og legger opp de ulike rettene. Det er dere som er vertskap for kveldens arrangement, og\u00a0dere st\u00e5r for servering og rydding av rettene.<\/p>\n<div class=\"floatright\">\n<div class=\"map-section\"><\/div>\n<\/div>\n","protected":false},"excerpt":{"rendered":"<p>Lene\u00b4s kj\u00f8kken er et selskap som tilbyr sine kunder en kulinarisk matopplevelse hjemme hos seg selv. Vi tilbyr f\u00f8rsteklasses restaurantmat hjem til deg, der kokken anretter maten for deg og dine gjester. Anledningen kan v\u00e6re feiring av dager og jubileum, overraske svigermor med en 5- retters, venner eller arbeidskolleger som vil sitte hjemme og nyte [&hellip;]<\/p>\n","protected":false},"author":2,"featured_media":0,"parent":0,"menu_order":0,"comment_status":"closed","ping_status":"closed","template":"","meta":{"footnotes":""},"class_list":["post-465","page","type-page","status-publish","hentry"],"_links":{"self":[{"href":"https:\/\/lenek.no\/index.php?rest_route=\/wp\/v2\/pages\/465","targetHints":{"allow":["GET"]}}],"collection":[{"href":"https:\/\/lenek.no\/index.php?rest_route=\/wp\/v2\/pages"}],"about":[{"href":"https:\/\/lenek.no\/index.php?rest_route=\/wp\/v2\/types\/page"}],"author":[{"embeddable":true,"href":"https:\/\/lenek.no\/index.php?rest_route=\/wp\/v2\/users\/2"}],"replies":[{"embeddable":true,"href":"https:\/\/lenek.no\/index.php?rest_route=%2Fwp%2Fv2%2Fcomments&post=465"}],"version-history":[{"count":1,"href":"https:\/\/lenek.no\/index.php?rest_route=\/wp\/v2\/pages\/465\/revisions"}],"predecessor-version":[{"id":613,"href":"https:\/\/lenek.no\/index.php?rest_route=\/wp\/v2\/pages\/465\/revisions\/613"}],"wp:attachment":[{"href":"https:\/\/lenek.no\/index.php?rest_route=%2Fwp%2Fv2%2Fmedia&parent=465"}],"curies":[{"name":"wp","href":"https:\/\/api.w.org\/{rel}","templated":true}]}}