{"id":477,"date":"2018-01-11T13:13:46","date_gmt":"2018-01-11T12:13:46","guid":{"rendered":"http:\/\/lenek.no\/?page_id=477"},"modified":"2018-04-26T12:18:25","modified_gmt":"2018-04-26T10:18:25","slug":"kontakt-oss","status":"publish","type":"page","link":"https:\/\/lenek.no\/?page_id=477","title":{"rendered":"Kontakt oss"},"content":{"rendered":"<p>Kontakt oss p\u00e5 f\u00f8lgende m\u00e5ter:<\/p>\n<p>E-post: <span id=\"cloak9ce0b3627b2521f710806cec37bebc22\"><a href=\"mailto:post@lenek.no\">post@lenek.no<\/a><\/span><br \/>\nTlf: \u00a0 \u00a0 <strong>40 00 49 27<\/strong><\/p>\n","protected":false},"excerpt":{"rendered":"<p>Kontakt oss p\u00e5 f\u00f8lgende m\u00e5ter: E-post: post@lenek.no Tlf: \u00a0 \u00a0 40 00 49 27<\/p>\n","protected":false},"author":2,"featured_media":0,"parent":0,"menu_order":0,"comment_status":"closed","ping_status":"closed","template":"","meta":{"footnotes":""},"class_list":["post-477","page","type-page","status-publish","hentry"],"_links":{"self":[{"href":"https:\/\/lenek.no\/index.php?rest_route=\/wp\/v2\/pages\/477","targetHints":{"allow":["GET"]}}],"collection":[{"href":"https:\/\/lenek.no\/index.php?rest_route=\/wp\/v2\/pages"}],"about":[{"href":"https:\/\/lenek.no\/index.php?rest_route=\/wp\/v2\/types\/page"}],"author":[{"embeddable":true,"href":"https:\/\/lenek.no\/index.php?rest_route=\/wp\/v2\/users\/2"}],"replies":[{"embeddable":true,"href":"https:\/\/lenek.no\/index.php?rest_route=%2Fwp%2Fv2%2Fcomments&post=477"}],"version-history":[{"count":2,"href":"https:\/\/lenek.no\/index.php?rest_route=\/wp\/v2\/pages\/477\/revisions"}],"predecessor-version":[{"id":605,"href":"https:\/\/lenek.no\/index.php?rest_route=\/wp\/v2\/pages\/477\/revisions\/605"}],"wp:attachment":[{"href":"https:\/\/lenek.no\/index.php?rest_route=%2Fwp%2Fv2%2Fmedia&parent=477"}],"curies":[{"name":"wp","href":"https:\/\/api.w.org\/{rel}","templated":true}]}}